{"id":311,"date":"2021-08-05T11:03:49","date_gmt":"2021-08-05T10:03:49","guid":{"rendered":"https:\/\/dev.benoitferchaud.com\/accueil\/"},"modified":"2023-02-14T13:40:10","modified_gmt":"2023-02-14T12:40:10","slug":"accueil-3","status":"publish","type":"page","link":"https:\/\/dev.benoitferchaud.com\/fr\/","title":{"rendered":"Accueil"},"content":{"rendered":"\t\t<div data-elementor-type=\"wp-page\" data-elementor-id=\"311\" class=\"elementor elementor-311 elementor-2\" data-elementor-settings=\"[]\">\n\t\t\t\t\t\t\t<div class=\"elementor-section-wrap\">\n\t\t\t\t\t\t\t<section class=\"elementor-section elementor-top-section elementor-element elementor-element-701756f elementor-section-boxed elementor-section-height-default elementor-section-height-default\" data-id=\"701756f\" data-element_type=\"section\" data-settings=\"{&quot;background_background&quot;:&quot;gradient&quot;}\">\n\t\t\t\t\t\t\t<div class=\"elementor-background-overlay\"><\/div>\n\t\t\t\t\t\t\t<div class=\"elementor-container elementor-column-gap-default\">\n\t\t\t\t\t<div class=\"elementor-column elementor-col-100 elementor-top-column elementor-element elementor-element-400371b\" data-id=\"400371b\" data-element_type=\"column\">\n\t\t\t<div class=\"elementor-widget-wrap elementor-element-populated\">\n\t\t\t\t\t\t\t\t<section class=\"elementor-section elementor-inner-section elementor-element elementor-element-9e08bde elementor-reverse-mobile elementor-section-boxed elementor-section-height-default elementor-section-height-default\" data-id=\"9e08bde\" data-element_type=\"section\">\n\t\t\t\t\t\t<div class=\"elementor-container elementor-column-gap-default\">\n\t\t\t\t\t<div class=\"elementor-column elementor-col-50 elementor-inner-column elementor-element elementor-element-c26b84e\" data-id=\"c26b84e\" data-element_type=\"column\" data-settings=\"{&quot;background_background&quot;:&quot;classic&quot;}\">\n\t\t\t<div class=\"elementor-widget-wrap elementor-element-populated\">\n\t\t\t\t\t\t\t\t<div class=\"elementor-element elementor-element-537ac9c elementor-widget elementor-widget-heading\" data-id=\"537ac9c\" data-element_type=\"widget\" data-widget_type=\"heading.default\">\n\t\t\t\t<div class=\"elementor-widget-container\">\n\t\t\t<style>\/*! elementor - v3.5.1 - 20-12-2021 *\/\n.elementor-heading-title{padding:0;margin:0;line-height:1}.elementor-widget-heading .elementor-heading-title[class*=elementor-size-]>a{color:inherit;font-size:inherit;line-height:inherit}.elementor-widget-heading .elementor-heading-title.elementor-size-small{font-size:15px}.elementor-widget-heading .elementor-heading-title.elementor-size-medium{font-size:19px}.elementor-widget-heading .elementor-heading-title.elementor-size-large{font-size:29px}.elementor-widget-heading .elementor-heading-title.elementor-size-xl{font-size:39px}.elementor-widget-heading .elementor-heading-title.elementor-size-xxl{font-size:59px}<\/style><h1 class=\"elementor-heading-title elementor-size-default\">Expert Designer<\/h1>\t\t<\/div>\n\t\t\t\t<\/div>\n\t\t\t\t<div class=\"elementor-element elementor-element-70fe85c elementor-widget elementor-widget-text-editor\" data-id=\"70fe85c\" data-element_type=\"widget\" data-widget_type=\"text-editor.default\">\n\t\t\t\t<div class=\"elementor-widget-container\">\n\t\t\t<style>\/*! elementor - v3.5.1 - 20-12-2021 *\/\n.elementor-widget-text-editor.elementor-drop-cap-view-stacked .elementor-drop-cap{background-color:#818a91;color:#fff}.elementor-widget-text-editor.elementor-drop-cap-view-framed .elementor-drop-cap{color:#818a91;border:3px solid;background-color:transparent}.elementor-widget-text-editor:not(.elementor-drop-cap-view-default) .elementor-drop-cap{margin-top:8px}.elementor-widget-text-editor:not(.elementor-drop-cap-view-default) .elementor-drop-cap-letter{width:1em;height:1em}.elementor-widget-text-editor .elementor-drop-cap{float:left;text-align:center;line-height:1;font-size:50px}.elementor-widget-text-editor .elementor-drop-cap-letter{display:inline-block}<\/style>\t\t\t\tSi vous \u00eates \u00e0 la recherche d&rsquo;un design qui offre une exp\u00e9rience utilisateur exceptionnelle, vous \u00eates au bon endroit. Notre expert en design UX et UI sait exactement comment cr\u00e9er une exp\u00e9rience utilisateur qui fera la diff\u00e9rence pour votre entreprise.\n\nAvec des ann\u00e9es d&rsquo;exp\u00e9rience dans la conception de sites web et d&rsquo;applications, notre expert sait comment cr\u00e9er un design qui non seulement a l&rsquo;air g\u00e9nial, mais qui fonctionne \u00e9galement parfaitement pour votre public cible. Il se concentre sur l&rsquo;exp\u00e9rience utilisateur pour s&rsquo;assurer que chaque interaction avec votre produit est facile, agr\u00e9able et m\u00e9morable.\t\t\t\t\t\t<\/div>\n\t\t\t\t<\/div>\n\t\t\t\t<div class=\"elementor-element elementor-element-c392327 elementor-widget elementor-widget-heading\" data-id=\"c392327\" data-element_type=\"widget\" data-widget_type=\"heading.default\">\n\t\t\t\t<div class=\"elementor-widget-container\">\n\t\t\t<h2 class=\"elementor-heading-title elementor-size-default\">Expert en design UX et UI <\/h2>\t\t<\/div>\n\t\t\t\t<\/div>\n\t\t\t\t<div class=\"elementor-element elementor-element-57a4de1 elementor-widget elementor-widget-text-editor\" data-id=\"57a4de1\" data-element_type=\"widget\" data-widget_type=\"text-editor.default\">\n\t\t\t\t<div class=\"elementor-widget-container\">\n\t\t\t\t\t\t\tJe m&rsquo;engage \u00e0 travailler en \u00e9troite collaboration avec vous pour comprendre vos besoins et vos objectifs, et pour cr\u00e9er un design personnalis\u00e9 qui r\u00e9pond \u00e0 vos attentes. Il utilise les derni\u00e8res technologies et les meilleures pratiques pour assurer une conception de qualit\u00e9 sup\u00e9rieure et un rendu final qui r\u00e9pond \u00e0 toutes vos exigences.\n\nAvec notre expert en design UX et UI, vous pouvez \u00eatre s\u00fbr que votre site web ou votre application sera con\u00e7ue avec les utilisateurs \u00e0 l&rsquo;esprit, ce qui signifie qu&rsquo;il sera facile \u00e0 utiliser et \u00e0 naviguer, quel que soit le niveau de comp\u00e9tence de l&rsquo;utilisateur. Alors, si vous cherchez \u00e0 am\u00e9liorer votre pr\u00e9sence en ligne et \u00e0 offrir une exp\u00e9rience utilisateur exceptionnelle, n&rsquo;h\u00e9sitez pas \u00e0 contacter notre expert en design UX et UI d\u00e8s maintenant.\n\nNotre expert en design peut vous aider \u00e0 concevoir des produits qui auront un impact positif sur votre entreprise, en optimisant l&rsquo;exp\u00e9rience de vos clients et en augmentant le taux de conversion. Il utilise les derni\u00e8res technologies et les meilleures pratiques pour assurer une conception de qualit\u00e9 sup\u00e9rieure qui se d\u00e9marque de la concurrence.\n\nEn prenant rendez-vous avec notre expert en design, vous obtiendrez une \u00e9valuation compl\u00e8te de vos besoins en mati\u00e8re de design, ainsi qu&rsquo;une strat\u00e9gie personnalis\u00e9e pour r\u00e9pondre \u00e0 ces besoins. De plus, notre expert vous guidera tout au long du processus de conception, vous permettant de suivre et de valider l&rsquo;\u00e9volution de votre projet.\n\nAlors, si vous \u00eates pr\u00eat \u00e0 prendre votre entreprise au niveau sup\u00e9rieur et \u00e0 investir dans un design de qualit\u00e9 sup\u00e9rieure, prenez rendez-vous avec notre expert en design d\u00e8s aujourd&rsquo;hui et d\u00e9couvrez comment notre expertise peut vous aider \u00e0 atteindre vos objectifs commerciaux.\t\t\t\t\t\t<\/div>\n\t\t\t\t<\/div>\n\t\t\t\t\t<\/div>\n\t\t<\/div>\n\t\t\t\t<div class=\"elementor-column elementor-col-50 elementor-inner-column elementor-element elementor-element-465781c\" data-id=\"465781c\" data-element_type=\"column\">\n\t\t\t<div class=\"elementor-widget-wrap elementor-element-populated\">\n\t\t\t\t\t\t\t\t<div class=\"elementor-element elementor-element-6ba29a6 elementor-widget elementor-widget-image\" data-id=\"6ba29a6\" data-element_type=\"widget\" data-widget_type=\"image.default\">\n\t\t\t\t<div class=\"elementor-widget-container\">\n\t\t\t<style>\/*! elementor - v3.5.1 - 20-12-2021 *\/\n.elementor-widget-image{text-align:center}.elementor-widget-image a{display:inline-block}.elementor-widget-image a img[src$=\".svg\"]{width:48px}.elementor-widget-image img{vertical-align:middle;display:inline-block}<\/style>\t\t\t\t\t\t\t\t\t\t\t\t<img loading=\"lazy\" decoding=\"async\" width=\"580\" height=\"580\" src=\"https:\/\/dev.benoitferchaud.com\/wp-content\/uploads\/2022\/12\/benoit-768x768.jpg\" class=\"attachment-medium_large size-medium_large\" alt=\"\" srcset=\"https:\/\/dev.benoitferchaud.com\/wp-content\/uploads\/2022\/12\/benoit-768x768.jpg 768w, https:\/\/dev.benoitferchaud.com\/wp-content\/uploads\/2022\/12\/benoit-300x300.jpg 300w, https:\/\/dev.benoitferchaud.com\/wp-content\/uploads\/2022\/12\/benoit-150x150.jpg 150w, https:\/\/dev.benoitferchaud.com\/wp-content\/uploads\/2022\/12\/benoit.jpg 900w\" sizes=\"auto, (max-width: 580px) 100vw, 580px\" \/>\t\t\t\t\t\t\t\t\t\t\t\t\t\t\t<\/div>\n\t\t\t\t<\/div>\n\t\t\t\t<div class=\"elementor-element elementor-element-ea170d0 elementor-widget elementor-widget-heading\" data-id=\"ea170d0\" data-element_type=\"widget\" data-widget_type=\"heading.default\">\n\t\t\t\t<div class=\"elementor-widget-container\">\n\t\t\t<h2 class=\"elementor-heading-title elementor-size-default\">Optimisez l'exp\u00e9rience utilisateur<\/h2>\t\t<\/div>\n\t\t\t\t<\/div>\n\t\t\t\t<div class=\"elementor-element elementor-element-6e693c1 elementor-widget elementor-widget-heading\" data-id=\"6e693c1\" data-element_type=\"widget\" data-widget_type=\"heading.default\">\n\t\t\t\t<div class=\"elementor-widget-container\">\n\t\t\t<h3 class=\"elementor-heading-title elementor-size-default\">D\u00e9couvrez comment notre expertise en design peut am\u00e9liorer votre entreprise d\u00e8s maintenant.<\/h3>\t\t<\/div>\n\t\t\t\t<\/div>\n\t\t\t\t<div class=\"elementor-element elementor-element-5a75f18 elementor-widget elementor-widget-text-editor\" data-id=\"5a75f18\" data-element_type=\"widget\" data-widget_type=\"text-editor.default\">\n\t\t\t\t<div class=\"elementor-widget-container\">\n\t\t\t\t\t\t\tAvez-vous d\u00e9j\u00e0 pens\u00e9 \u00e0 la mani\u00e8re dont le design peut impacter la r\u00e9ussite de votre entreprise ? Un design bien pens\u00e9 et esth\u00e9tique peut v\u00e9ritablement faire la diff\u00e9rence en termes de conversion de prospects en clients fid\u00e8les.\n\nSi vous cherchez \u00e0 am\u00e9liorer l&rsquo;exp\u00e9rience de vos clients, \u00e0 augmenter la notori\u00e9t\u00e9 de votre marque, et \u00e0 augmenter votre taux de conversion, il est essentiel de travailler avec un expert en design.\n\nJ&rsquo;ai des ann\u00e9es d&rsquo;exp\u00e9rience et une compr\u00e9hension approfondie des tendances actuelles du march\u00e9. Ma sp\u00e9cialit\u00e9 est de cr\u00e9er un design unique et personnalis\u00e9 qui r\u00e9pondra \u00e0 vos besoins et vos objectifs sp\u00e9cifiques.\t\t\t\t\t\t<\/div>\n\t\t\t\t<\/div>\n\t\t\t\t<div class=\"elementor-element elementor-element-e628015 elementor-widget elementor-widget-heading\" data-id=\"e628015\" data-element_type=\"widget\" id=\"appointment\" data-widget_type=\"heading.default\">\n\t\t\t\t<div class=\"elementor-widget-container\">\n\t\t\t<h4 class=\"elementor-heading-title elementor-size-default\">Prenons rendez-vous c'est gratuit<\/h4>\t\t<\/div>\n\t\t\t\t<\/div>\n\t\t\t\t<div class=\"elementor-element elementor-element-e43fd9c elementor-widget elementor-widget-stepbooking\" data-id=\"e43fd9c\" data-element_type=\"widget\" data-widget_type=\"stepbooking.default\">\n\t\t\t\t<div class=\"elementor-widget-container\">\n\t\t\t\n<script>\n  if (typeof hasAmeliaEntitiesApiCall === 'undefined' && '' === '') {\n    var hasAmeliaEntitiesApiCall = true;\n  }\n  var ameliaShortcodeData = (typeof ameliaShortcodeData === 'undefined') ? [] : ameliaShortcodeData;\n  ameliaShortcodeData.push(\n    {\n      'hasApiCall': (typeof hasAmeliaEntitiesApiCall !== 'undefined') && hasAmeliaEntitiesApiCall,\n      'trigger': '',\n      'show': '',\n      'counter': '1000',\n      'category': '',\n      'service': '2',\n      'employee': '1',\n      'location': ''\n    }\n  );\n  var ameliaShortcodeDataTriggered = (typeof ameliaShortcodeDataTriggered === 'undefined') ? [] : ameliaShortcodeDataTriggered;\n  if (ameliaShortcodeData[ameliaShortcodeData.length - 1].trigger !== '') {\n    ameliaShortcodeDataTriggered.push(ameliaShortcodeData.pop());\n  }\n  if (typeof hasAmeliaEntitiesApiCall !== 'undefined' && hasAmeliaEntitiesApiCall) {\n    hasAmeliaEntitiesApiCall = false;\n  }\n<\/script>\n\n<div id=\"amelia-v2-booking-1000\"\n     class=\"amelia-v2-booking\"\n>\n  <step-form-wrapper><\/step-form-wrapper>\n<\/div>\n\t\t<\/div>\n\t\t\t\t<\/div>\n\t\t\t\t\t<\/div>\n\t\t<\/div>\n\t\t\t\t\t\t\t<\/div>\n\t\t<\/section>\n\t\t\t\t\t<\/div>\n\t\t<\/div>\n\t\t\t\t\t\t\t<\/div>\n\t\t<\/section>\n\t\t\t\t\t\t<\/div>\n\t\t\t\t\t<\/div>\n\t\t","protected":false},"excerpt":{"rendered":"<p>Expert Designer Si vous \u00eates \u00e0 la recherche d&rsquo;un design qui offre une exp\u00e9rience utilisateur exceptionnelle, vous \u00eates au bon endroit. Notre expert en design UX et UI sait exactement comment cr\u00e9er une exp\u00e9rience utilisateur qui fera la diff\u00e9rence pour votre entreprise. Avec des ann\u00e9es d&rsquo;exp\u00e9rience dans la conception de sites web et d&rsquo;applications, notre [&hellip;]<\/p>\n","protected":false},"author":1,"featured_media":0,"parent":0,"menu_order":0,"comment_status":"closed","ping_status":"closed","template":"elementor_header_footer","meta":{"footnotes":""},"class_list":["post-311","page","type-page","status-publish","hentry"],"_links":{"self":[{"href":"https:\/\/dev.benoitferchaud.com\/fr\/wp-json\/wp\/v2\/pages\/311","targetHints":{"allow":["GET"]}}],"collection":[{"href":"https:\/\/dev.benoitferchaud.com\/fr\/wp-json\/wp\/v2\/pages"}],"about":[{"href":"https:\/\/dev.benoitferchaud.com\/fr\/wp-json\/wp\/v2\/types\/page"}],"author":[{"embeddable":true,"href":"https:\/\/dev.benoitferchaud.com\/fr\/wp-json\/wp\/v2\/users\/1"}],"replies":[{"embeddable":true,"href":"https:\/\/dev.benoitferchaud.com\/fr\/wp-json\/wp\/v2\/comments?post=311"}],"version-history":[{"count":20,"href":"https:\/\/dev.benoitferchaud.com\/fr\/wp-json\/wp\/v2\/pages\/311\/revisions"}],"predecessor-version":[{"id":1187,"href":"https:\/\/dev.benoitferchaud.com\/fr\/wp-json\/wp\/v2\/pages\/311\/revisions\/1187"}],"wp:attachment":[{"href":"https:\/\/dev.benoitferchaud.com\/fr\/wp-json\/wp\/v2\/media?parent=311"}],"curies":[{"name":"wp","href":"https:\/\/api.w.org\/{rel}","templated":true}]}}